{"id":1350,"date":"2022-10-11T20:59:48","date_gmt":"2022-10-12T03:59:48","guid":{"rendered":"https:\/\/thecalloftheyukon.ca\/conditions-generales-de-vente\/"},"modified":"2023-01-02T15:09:39","modified_gmt":"2023-01-02T22:09:39","slug":"conditions-generales-de-vente","status":"publish","type":"page","link":"https:\/\/thecalloftheyukon.ca\/fr\/conditions-generales-de-vente\/","title":{"rendered":"Conditions g\u00e9n\u00e9rales de vente"},"content":{"rendered":"\t\t<div data-elementor-type=\"wp-page\" data-elementor-id=\"1350\" class=\"elementor elementor-1350 elementor-1146\" data-elementor-post-type=\"page\">\n\t\t\t\t\t\t<section class=\"elementor-section elementor-top-section elementor-element elementor-element-d426689 elementor-section-height-min-height elementor-section-content-bottom elementor-section-stretched elementor-section-items-bottom elementor-section-boxed elementor-section-height-default\" data-id=\"d426689\" data-element_type=\"section\" data-e-type=\"section\" data-settings=\"{&quot;stretch_section&quot;:&quot;section-stretched&quot;,&quot;background_background&quot;:&quot;classic&quot;}\">\n\t\t\t\t\t\t\t<div class=\"elementor-background-overlay\"><\/div>\n\t\t\t\t\t\t\t<div class=\"elementor-container elementor-column-gap-default\">\n\t\t\t\t\t<div class=\"elementor-column elementor-col-100 elementor-top-column elementor-element elementor-element-78423b8\" data-id=\"78423b8\" data-element_type=\"column\" data-e-type=\"column\">\n\t\t\t<div class=\"elementor-widget-wrap elementor-element-populated\">\n\t\t\t\t\t\t\t<\/div>\n\t\t<\/div>\n\t\t\t\t\t<\/div>\n\t\t<\/section>\n\t\t\t\t<section class=\"elementor-section elementor-top-section elementor-element elementor-element-75d7025 elementor-section-boxed elementor-section-height-default elementor-section-height-default\" data-id=\"75d7025\" data-element_type=\"section\" data-e-type=\"section\">\n\t\t\t\t\t\t<div class=\"elementor-container elementor-column-gap-default\">\n\t\t\t\t\t<div class=\"elementor-column elementor-col-100 elementor-top-column elementor-element elementor-element-7aea23c\" data-id=\"7aea23c\" data-element_type=\"column\" data-e-type=\"column\">\n\t\t\t<div class=\"elementor-widget-wrap elementor-element-populated\">\n\t\t\t\t\t\t<div class=\"elementor-element elementor-element-63c19b3 elementor-align-center elementor-widget elementor-widget-the7_button_widget\" data-id=\"63c19b3\" data-element_type=\"widget\" data-e-type=\"widget\" data-widget_type=\"the7_button_widget.default\">\n\t\t\t\t<div class=\"elementor-widget-container\">\n\t\t\t\t\t<div class=\"elementor-button-wrapper\"><a href=\"https:\/\/waiver.smartwaiver.com\/w\/5crg5s1w8kywlbnucjugic\/web\/\" target=\"_blank\" class=\"box-button elementor-button elementor-size-md\">Signer la d\u00e9charge de responsabilit\u00e9<\/a><\/div>\t\t\t\t<\/div>\n\t\t\t\t<\/div>\n\t\t\t\t<div class=\"elementor-element elementor-element-9e852fc elementor-widget elementor-widget-text-editor\" data-id=\"9e852fc\" data-element_type=\"widget\" data-e-type=\"widget\" data-widget_type=\"text-editor.default\">\n\t\t\t\t<div class=\"elementor-widget-container\">\n\t\t\t\t\t\t\t\t\t<h2>COVID-19 \u2013 Informations G\u00e9n\u00e9rales<\/h2>\n<p>The Call of the Yukon\u00a0est ouvert pour la saison d&rsquo;hiver et d&rsquo;\u00e9t\u00e9 2022.<\/p>\n<p>Pour plus d&rsquo;informations sur les mises \u00e0 jour COVID-19 au Yukon, <a href=\"https:\/\/yukon.ca\/fr\/covid-19-information\" target=\"_blank\" rel=\"noopener\">veuillez cliquer ici<\/a>.<\/p>\n<h2>Inscription<\/h2>\n<p>Notre processus de r\u00e9servation comporte deux \u00e9tapes :<\/p>\n<ol>\n<li>Vous recevrez un lien vers <a href=\"https:\/\/waiver.smartwaiver.com\/w\/isj7wxxmcaxxr8umyyavld\/web\/\" target=\"_blank\" rel=\"noopener\">notre formulaire de d\u00e9charge<\/a> qui doit \u00eatre lu, rempli et sign\u00e9 individuellement pour chaque les participant.<\/li>\n<li>Une fois que nous aurons re\u00e7u votre (vos) accord(s) de d\u00e9charge sign\u00e9(s), vous recevrez une facture \u00e9lectronique pour l&rsquo;acompte (voir ci-dessous) \u00e0 payer par carte de cr\u00e9dit (ou virement \u00e9lectronique Interac pour les r\u00e9sidents canadiens).<br \/>\nVotre inscription est confirm\u00e9e une fois que nous recevons votre acompte..<\/li>\n<\/ol>\n<h2>Modalit\u00e9 de paiement<\/h2>\n<h3>Excursions de plusieurs jours<\/h3>\n<p>Un acompte de 30% est demand\u00e9 \u00e0 la r\u00e9servation. Le solde (70% du prix total) est d\u00fb 60 jours avant la date de d\u00e9part.<\/p>\n<h3>Excursion \u00e0 la journ\u00e9e<\/h3>\n<p>Un acompte de 25% est demand\u00e9 \u00e0 la r\u00e9servation. Le solde (75% du prix total) est d\u00fb 30 jours avant la date de d\u00e9part.<\/p>\n<p>The Call of the Yukon accepte les paiements par virement bancaire direct sur notre compte canadien (CAD) (via Interac ou virement bancaire) et Square (Visa, Mastercard, American Express).<\/p>\n<p>Remarque\u00a0: Les paiements via Square peuvent entra\u00eener des frais suppl\u00e9mentaires dont The Call of the Yukon n&rsquo;est pas responsable (frais de change, etc.).<\/p>\n<h3>Conditions d&rsquo;annulation<\/h3>\n<p><strong>Les annulations dues aux restrictions de voyage li\u00e9es au Covid-19 sont rembours\u00e9es \u00e0 100 %.<\/strong><\/p>\n<p>Pour tous les autres \u00e9v\u00e9nements tels que maladie, d\u00e9c\u00e8s du participant ou d&rsquo;un proche, etc., l&rsquo;annulation doit \u00eatre couverte par une assurance annulation souscrite par le participant. De son c\u00f4t\u00e9, L&rsquo;Appel du Yukon remboursera comme d\u00e9crit ci-dessous :<\/p>\n<h4>Excursions de plusieurs jours<\/h4>\n<p>\u2013 60 jours ou plus avant le d\u00e9but de la visite\u00a0: 30\u00a0% du co\u00fbt total de la visite ne sont pas remboursables<br \/>\n\u2013 59-30 jours avant\u00a0: 50\u00a0% du co\u00fbt total du voyage n&rsquo;est pas remboursable<br \/>\n\u2013 29 jours avant : 100% non remboursable<\/p>\n<h4>Excursions \u00e0 la journ\u00e9e<\/h4>\n<p>\u2013 Jusqu&rsquo;\u00e0 7 jours avant le d\u00e9part\u00a0: 25\u00a0% du co\u00fbt total du voyage ne sont pas remboursables<br \/>\n\u2013 7 jours ou moins avant le d\u00e9part : 100% non remboursable<\/p>\n<h2>Politique de retard de paiement<\/h2>\n<p>Tous nos clients re\u00e7oivent un rappel par e-mail 7 jours avant la date d&rsquo;\u00e9ch\u00e9ance du paiement du solde. Si un paiement est en retard de 10 jours et que nous n&rsquo;avons pas eu de nouvelles du client depuis l&rsquo;envoi du premier rappel (7 jours avant la date d&rsquo;\u00e9ch\u00e9ance, donc pour un total de 17 jours), l&rsquo;acompte sera perdu et la place sur le voyage sera \u00eatre \u00e0 nouveau ouvert \u00e0 la r\u00e9servation.<\/p>\n<h2>\u00c9v\u00e8nements impond\u00e9rables<\/h2>\n<p>Comme les voyages impliquent des \u00e9v\u00e8nements impond\u00e9rables (m\u00e9t\u00e9o extr\u00eames, rencontres avec la faune, obstacles naturels), les itin\u00e9raires de voyage peuvent \u00eatre modifi\u00e9s pour assurer la s\u00e9curit\u00e9 des participants. La modification de l&rsquo;itin\u00e9raire peut entra\u00eener des changements d&#8217;emplois du temps et de fin de s\u00e9jour. Les participants sont fortement encourag\u00e9s \u00e0 r\u00e9server au moins une nuit suppl\u00e9mentaire \u00e0 Whitehorse la veille de leur vol de d\u00e9part.<\/p>\n<p>Sur tous nos voyages, les guides ont le droit de modifier l&rsquo;itin\u00e9raire si la s\u00e9curit\u00e9 du groupe est menac\u00e9e (intemp\u00e9ries, feux de for\u00eat, faune, etc.). En cas de changement, les guides redirigeront le groupe vers un autre itin\u00e9raire, de valeur, de difficult\u00e9 et de contenu similaires.<\/p>\n<h2>Assurances<\/h2>\n<p>Nous conseillons \u00e0 nos clients de souscrire une assurance voyage qui couvre :<\/p>\n<ul>\n<li>Responsabilit\u00e9 Civile<\/li>\n<li>Urgence m\u00e9dicale, frais de rapatriement et frais de recherche et de sauvetage<\/li>\n<li>Annulation et interruption de voyage<\/li>\n<li>Perte\/endommagement des bagages et effets personnels et retard des bagages<\/li>\n<\/ul>\n<h2>Politique concernant l&rsquo;\u00e9quipement<\/h2>\n<p>Les participants sont responsables de tout dommage ou perte de tout \u00e9quipement fourni par The Call of the Yukon dans le cadre du voyage (skis, chaussures de ski, b\u00e2tons, tentes, sacs de couchage, etc.). Toute perte ou d\u00e9t\u00e9rioration au-del\u00e0 de l&rsquo;usure normale sera factur\u00e9e aux participants.<\/p>\n<h2>H\u00e9bergement<\/h2>\n<p>Tous les h\u00e9bergements inclus dans nos circuits sont soigneusement choisis par The Call of the Yukon. Nous travaillons avec des h\u00f4tels, des motels et des g\u00eetes du Yukon qui accueillent nos clients avec une chaleureuse hospitalit\u00e9 nordique. Tous nos prix de voyage sont bas\u00e9s sur une occupation double dans des chambres d&rsquo;h\u00f4tel.<\/p>\n<p>Si vous souhaitez avoir votre propre chambre, un suppl\u00e9ment unique sera ajout\u00e9 au prix de votre forfait. Si vous voyagez seul et que cela ne vous d\u00e9range pas de partager une chambre avec quelqu&rsquo;un, faites-le nous savoir et nous ferons de notre mieux pour vous mettre en contact avec un autre c\u00e9libataire. Nous ne pouvons pas garantir un logement partag\u00e9 et vous devrez peut-\u00eatre payer le suppl\u00e9ment single ou avoir la possibilit\u00e9 d&rsquo;annuler, soumis \u00e0 des p\u00e9nalit\u00e9s.<\/p>\n\t\t\t\t\t\t\t\t<\/div>\n\t\t\t\t<\/div>\n\t\t\t\t\t<\/div>\n\t\t<\/div>\n\t\t\t\t\t<\/div>\n\t\t<\/section>\n\t\t\t\t<\/div>\n\t\t","protected":false},"excerpt":{"rendered":"<p>Signer la d\u00e9charge de responsabilit\u00e9 COVID-19 \u2013 Informations G\u00e9n\u00e9rales The Call of the Yukon\u00a0est ouvert pour la saison d&rsquo;hiver et d&rsquo;\u00e9t\u00e9 2022. Pour plus d&rsquo;informations sur les mises \u00e0 jour COVID-19 au Yukon, veuillez cliquer ici. Inscription Notre processus de r\u00e9servation comporte deux \u00e9tapes : Vous recevrez un lien vers notre formulaire de d\u00e9charge qui&hellip;<\/p>\n","protected":false},"author":1,"featured_media":1987,"parent":0,"menu_order":91,"comment_status":"closed","ping_status":"closed","template":"","meta":{"footnotes":""},"class_list":["post-1350","page","type-page","status-publish","has-post-thumbnail","hentry"],"yoast_head":"<!-- This site is optimized with the Yoast SEO Premium plugin v27.1 (Yoast SEO v27.4) - https:\/\/yoast.com\/product\/yoast-seo-premium-wordpress\/ -->\n<title>Conditions g\u00e9n\u00e9rales de vente &#8211; The Call of the Yukon<\/title>\n<meta name=\"robots\" content=\"index, follow, max-snippet:-1, max-image-preview:large, max-video-preview:-1\" \/>\n<link rel=\"canonical\" href=\"https:\/\/thecalloftheyukon.ca\/fr\/conditions-generales-de-vente\/\" \/>\n<meta property=\"og:locale\" content=\"fr_FR\" \/>\n<meta property=\"og:type\" content=\"article\" \/>\n<meta property=\"og:title\" content=\"Conditions g\u00e9n\u00e9rales de vente\" \/>\n<meta property=\"og:description\" content=\"Signer la d\u00e9charge de responsabilit\u00e9 COVID-19 \u2013 Informations G\u00e9n\u00e9rales The Call of the Yukon\u00a0est ouvert pour la saison d&rsquo;hiver et d&rsquo;\u00e9t\u00e9 2022. Pour plus d&rsquo;informations sur les mises \u00e0 jour COVID-19 au Yukon, veuillez cliquer ici. Inscription Notre processus de r\u00e9servation comporte deux \u00e9tapes : Vous recevrez un lien vers notre formulaire de d\u00e9charge qui&hellip;\" \/>\n<meta property=\"og:url\" content=\"https:\/\/thecalloftheyukon.ca\/fr\/conditions-generales-de-vente\/\" \/>\n<meta property=\"og:site_name\" content=\"The Call of the Yukon\" \/>\n<meta property=\"article:publisher\" content=\"https:\/\/www.facebook.com\/CanadaYukonSkiNordicExpeditions\" \/>\n<meta property=\"article:modified_time\" content=\"2023-01-02T22:09:39+00:00\" \/>\n<meta property=\"og:image\" content=\"https:\/\/thecalloftheyukon.ca\/wp-content\/uploads\/2022\/09\/Raphaelle-Fabien-3.jpeg\" \/>\n\t<meta property=\"og:image:width\" content=\"2048\" \/>\n\t<meta property=\"og:image:height\" content=\"1536\" \/>\n\t<meta property=\"og:image:type\" content=\"image\/jpeg\" \/>\n<meta name=\"twitter:card\" content=\"summary_large_image\" \/>\n<meta name=\"twitter:label1\" content=\"Dur\u00e9e de lecture estim\u00e9e\" \/>\n\t<meta name=\"twitter:data1\" content=\"4 minutes\" \/>\n<script type=\"application\/ld+json\" class=\"yoast-schema-graph\">{\"@context\":\"https:\\\/\\\/schema.org\",\"@graph\":[{\"@type\":\"WebPage\",\"@id\":\"https:\\\/\\\/thecalloftheyukon.ca\\\/fr\\\/conditions-generales-de-vente\\\/\",\"url\":\"https:\\\/\\\/thecalloftheyukon.ca\\\/fr\\\/conditions-generales-de-vente\\\/\",\"name\":\"Conditions g\u00e9n\u00e9rales de vente &#8211; The Call of the Yukon\",\"isPartOf\":{\"@id\":\"https:\\\/\\\/thecalloftheyukon.ca\\\/fr\\\/#website\"},\"primaryImageOfPage\":{\"@id\":\"https:\\\/\\\/thecalloftheyukon.ca\\\/fr\\\/conditions-generales-de-vente\\\/#primaryimage\"},\"image\":{\"@id\":\"https:\\\/\\\/thecalloftheyukon.ca\\\/fr\\\/conditions-generales-de-vente\\\/#primaryimage\"},\"thumbnailUrl\":\"https:\\\/\\\/thecalloftheyukon.ca\\\/wp-content\\\/uploads\\\/2023\\\/01\\\/SUN-RISE.jpg\",\"datePublished\":\"2022-10-12T03:59:48+00:00\",\"dateModified\":\"2023-01-02T22:09:39+00:00\",\"breadcrumb\":{\"@id\":\"https:\\\/\\\/thecalloftheyukon.ca\\\/fr\\\/conditions-generales-de-vente\\\/#breadcrumb\"},\"inLanguage\":\"fr-FR\",\"potentialAction\":[{\"@type\":\"ReadAction\",\"target\":[\"https:\\\/\\\/thecalloftheyukon.ca\\\/fr\\\/conditions-generales-de-vente\\\/\"]}]},{\"@type\":\"ImageObject\",\"inLanguage\":\"fr-FR\",\"@id\":\"https:\\\/\\\/thecalloftheyukon.ca\\\/fr\\\/conditions-generales-de-vente\\\/#primaryimage\",\"url\":\"https:\\\/\\\/thecalloftheyukon.ca\\\/wp-content\\\/uploads\\\/2023\\\/01\\\/SUN-RISE.jpg\",\"contentUrl\":\"https:\\\/\\\/thecalloftheyukon.ca\\\/wp-content\\\/uploads\\\/2023\\\/01\\\/SUN-RISE.jpg\",\"width\":2048,\"height\":1208,\"caption\":\"Winter Family trip Whitehorse\"},{\"@type\":\"BreadcrumbList\",\"@id\":\"https:\\\/\\\/thecalloftheyukon.ca\\\/fr\\\/conditions-generales-de-vente\\\/#breadcrumb\",\"itemListElement\":[{\"@type\":\"ListItem\",\"position\":1,\"name\":\"Home\",\"item\":\"https:\\\/\\\/thecalloftheyukon.ca\\\/fr\\\/\"},{\"@type\":\"ListItem\",\"position\":2,\"name\":\"Conditions g\u00e9n\u00e9rales de vente\"}]},{\"@type\":\"WebSite\",\"@id\":\"https:\\\/\\\/thecalloftheyukon.ca\\\/fr\\\/#website\",\"url\":\"https:\\\/\\\/thecalloftheyukon.ca\\\/fr\\\/\",\"name\":\"The Call of the Yukon\",\"description\":\"\",\"publisher\":{\"@id\":\"https:\\\/\\\/thecalloftheyukon.ca\\\/fr\\\/#organization\"},\"potentialAction\":[{\"@type\":\"SearchAction\",\"target\":{\"@type\":\"EntryPoint\",\"urlTemplate\":\"https:\\\/\\\/thecalloftheyukon.ca\\\/fr\\\/?s={search_term_string}\"},\"query-input\":{\"@type\":\"PropertyValueSpecification\",\"valueRequired\":true,\"valueName\":\"search_term_string\"}}],\"inLanguage\":\"fr-FR\"},{\"@type\":\"Organization\",\"@id\":\"https:\\\/\\\/thecalloftheyukon.ca\\\/fr\\\/#organization\",\"name\":\"The Call of the Yukon\",\"url\":\"https:\\\/\\\/thecalloftheyukon.ca\\\/fr\\\/\",\"logo\":{\"@type\":\"ImageObject\",\"inLanguage\":\"fr-FR\",\"@id\":\"https:\\\/\\\/thecalloftheyukon.ca\\\/fr\\\/#\\\/schema\\\/logo\\\/image\\\/\",\"url\":\"https:\\\/\\\/thecalloftheyukon.ca\\\/wp-content\\\/uploads\\\/2022\\\/09\\\/logo-the-call-of-the-yukon-Trilby-blue.png\",\"contentUrl\":\"https:\\\/\\\/thecalloftheyukon.ca\\\/wp-content\\\/uploads\\\/2022\\\/09\\\/logo-the-call-of-the-yukon-Trilby-blue.png\",\"width\":1400,\"height\":1400,\"caption\":\"The Call of the Yukon\"},\"image\":{\"@id\":\"https:\\\/\\\/thecalloftheyukon.ca\\\/fr\\\/#\\\/schema\\\/logo\\\/image\\\/\"},\"sameAs\":[\"https:\\\/\\\/www.facebook.com\\\/CanadaYukonSkiNordicExpeditions\"]}]}<\/script>\n<!-- \/ Yoast SEO Premium plugin. -->","yoast_head_json":{"title":"Conditions g\u00e9n\u00e9rales de vente &#8211; The Call of the Yukon","robots":{"index":"index","follow":"follow","max-snippet":"max-snippet:-1","max-image-preview":"max-image-preview:large","max-video-preview":"max-video-preview:-1"},"canonical":"https:\/\/thecalloftheyukon.ca\/fr\/conditions-generales-de-vente\/","og_locale":"fr_FR","og_type":"article","og_title":"Conditions g\u00e9n\u00e9rales de vente","og_description":"Signer la d\u00e9charge de responsabilit\u00e9 COVID-19 \u2013 Informations G\u00e9n\u00e9rales The Call of the Yukon\u00a0est ouvert pour la saison d&rsquo;hiver et d&rsquo;\u00e9t\u00e9 2022. Pour plus d&rsquo;informations sur les mises \u00e0 jour COVID-19 au Yukon, veuillez cliquer ici. Inscription Notre processus de r\u00e9servation comporte deux \u00e9tapes : Vous recevrez un lien vers notre formulaire de d\u00e9charge qui&hellip;","og_url":"https:\/\/thecalloftheyukon.ca\/fr\/conditions-generales-de-vente\/","og_site_name":"The Call of the Yukon","article_publisher":"https:\/\/www.facebook.com\/CanadaYukonSkiNordicExpeditions","article_modified_time":"2023-01-02T22:09:39+00:00","og_image":[{"width":2048,"height":1536,"url":"https:\/\/thecalloftheyukon.ca\/wp-content\/uploads\/2022\/09\/Raphaelle-Fabien-3.jpeg","type":"image\/jpeg"}],"twitter_card":"summary_large_image","twitter_misc":{"Dur\u00e9e de lecture estim\u00e9e":"4 minutes"},"schema":{"@context":"https:\/\/schema.org","@graph":[{"@type":"WebPage","@id":"https:\/\/thecalloftheyukon.ca\/fr\/conditions-generales-de-vente\/","url":"https:\/\/thecalloftheyukon.ca\/fr\/conditions-generales-de-vente\/","name":"Conditions g\u00e9n\u00e9rales de vente &#8211; The Call of the Yukon","isPartOf":{"@id":"https:\/\/thecalloftheyukon.ca\/fr\/#website"},"primaryImageOfPage":{"@id":"https:\/\/thecalloftheyukon.ca\/fr\/conditions-generales-de-vente\/#primaryimage"},"image":{"@id":"https:\/\/thecalloftheyukon.ca\/fr\/conditions-generales-de-vente\/#primaryimage"},"thumbnailUrl":"https:\/\/thecalloftheyukon.ca\/wp-content\/uploads\/2023\/01\/SUN-RISE.jpg","datePublished":"2022-10-12T03:59:48+00:00","dateModified":"2023-01-02T22:09:39+00:00","breadcrumb":{"@id":"https:\/\/thecalloftheyukon.ca\/fr\/conditions-generales-de-vente\/#breadcrumb"},"inLanguage":"fr-FR","potentialAction":[{"@type":"ReadAction","target":["https:\/\/thecalloftheyukon.ca\/fr\/conditions-generales-de-vente\/"]}]},{"@type":"ImageObject","inLanguage":"fr-FR","@id":"https:\/\/thecalloftheyukon.ca\/fr\/conditions-generales-de-vente\/#primaryimage","url":"https:\/\/thecalloftheyukon.ca\/wp-content\/uploads\/2023\/01\/SUN-RISE.jpg","contentUrl":"https:\/\/thecalloftheyukon.ca\/wp-content\/uploads\/2023\/01\/SUN-RISE.jpg","width":2048,"height":1208,"caption":"Winter Family trip Whitehorse"},{"@type":"BreadcrumbList","@id":"https:\/\/thecalloftheyukon.ca\/fr\/conditions-generales-de-vente\/#breadcrumb","itemListElement":[{"@type":"ListItem","position":1,"name":"Home","item":"https:\/\/thecalloftheyukon.ca\/fr\/"},{"@type":"ListItem","position":2,"name":"Conditions g\u00e9n\u00e9rales de vente"}]},{"@type":"WebSite","@id":"https:\/\/thecalloftheyukon.ca\/fr\/#website","url":"https:\/\/thecalloftheyukon.ca\/fr\/","name":"The Call of the Yukon","description":"","publisher":{"@id":"https:\/\/thecalloftheyukon.ca\/fr\/#organization"},"potentialAction":[{"@type":"SearchAction","target":{"@type":"EntryPoint","urlTemplate":"https:\/\/thecalloftheyukon.ca\/fr\/?s={search_term_string}"},"query-input":{"@type":"PropertyValueSpecification","valueRequired":true,"valueName":"search_term_string"}}],"inLanguage":"fr-FR"},{"@type":"Organization","@id":"https:\/\/thecalloftheyukon.ca\/fr\/#organization","name":"The Call of the Yukon","url":"https:\/\/thecalloftheyukon.ca\/fr\/","logo":{"@type":"ImageObject","inLanguage":"fr-FR","@id":"https:\/\/thecalloftheyukon.ca\/fr\/#\/schema\/logo\/image\/","url":"https:\/\/thecalloftheyukon.ca\/wp-content\/uploads\/2022\/09\/logo-the-call-of-the-yukon-Trilby-blue.png","contentUrl":"https:\/\/thecalloftheyukon.ca\/wp-content\/uploads\/2022\/09\/logo-the-call-of-the-yukon-Trilby-blue.png","width":1400,"height":1400,"caption":"The Call of the Yukon"},"image":{"@id":"https:\/\/thecalloftheyukon.ca\/fr\/#\/schema\/logo\/image\/"},"sameAs":["https:\/\/www.facebook.com\/CanadaYukonSkiNordicExpeditions"]}]}},"_links":{"self":[{"href":"https:\/\/thecalloftheyukon.ca\/fr\/wp-json\/wp\/v2\/pages\/1350","targetHints":{"allow":["GET"]}}],"collection":[{"href":"https:\/\/thecalloftheyukon.ca\/fr\/wp-json\/wp\/v2\/pages"}],"about":[{"href":"https:\/\/thecalloftheyukon.ca\/fr\/wp-json\/wp\/v2\/types\/page"}],"author":[{"embeddable":true,"href":"https:\/\/thecalloftheyukon.ca\/fr\/wp-json\/wp\/v2\/users\/1"}],"replies":[{"embeddable":true,"href":"https:\/\/thecalloftheyukon.ca\/fr\/wp-json\/wp\/v2\/comments?post=1350"}],"version-history":[{"count":3,"href":"https:\/\/thecalloftheyukon.ca\/fr\/wp-json\/wp\/v2\/pages\/1350\/revisions"}],"predecessor-version":[{"id":1814,"href":"https:\/\/thecalloftheyukon.ca\/fr\/wp-json\/wp\/v2\/pages\/1350\/revisions\/1814"}],"wp:featuredmedia":[{"embeddable":true,"href":"https:\/\/thecalloftheyukon.ca\/fr\/wp-json\/wp\/v2\/media\/1987"}],"wp:attachment":[{"href":"https:\/\/thecalloftheyukon.ca\/fr\/wp-json\/wp\/v2\/media?parent=1350"}],"curies":[{"name":"wp","href":"https:\/\/api.w.org\/{rel}","templated":true}]}}